{"id":18,"date":"2019-04-01T15:15:40","date_gmt":"2019-04-01T15:15:40","guid":{"rendered":"http:\/\/mareike-wisniewski.de\/?page_id=18"},"modified":"2023-02-13T11:54:00","modified_gmt":"2023-02-13T10:54:00","slug":"18-2","status":"publish","type":"page","link":"https:\/\/mareike-wisniewski.de\/","title":{"rendered":"Beratung    Analyse    Ergebnisse"},"content":{"rendered":"\n<figure class=\"wp-block-gallery has-nested-images columns-default is-cropped wp-block-gallery-1 is-layout-flex wp-block-gallery-is-layout-flex\">\n<figure class=\"wp-block-image size-large\"><img loading=\"lazy\" decoding=\"async\" width=\"816\" height=\"1024\" data-id=\"297\" src=\"http:\/\/mareike-wisniewski.de\/wp-content\/uploads\/2023\/02\/MW_3-816x1024.jpg\" alt=\"\" class=\"wp-image-297\" srcset=\"https:\/\/mareike-wisniewski.de\/wp-content\/uploads\/2023\/02\/MW_3-816x1024.jpg 816w, https:\/\/mareike-wisniewski.de\/wp-content\/uploads\/2023\/02\/MW_3-239x300.jpg 239w, https:\/\/mareike-wisniewski.de\/wp-content\/uploads\/2023\/02\/MW_3-768x964.jpg 768w, https:\/\/mareike-wisniewski.de\/wp-content\/uploads\/2023\/02\/MW_3-1224x1536.jpg 1224w, https:\/\/mareike-wisniewski.de\/wp-content\/uploads\/2023\/02\/MW_3.jpg 1443w\" sizes=\"auto, (max-width: 816px) 100vw, 816px\" \/><\/figure>\n<\/figure>\n\n\n\n<p class=\"has-text-align-left\"><sub>Mareike Wisniewski \u00fcber 15 Jahre Kompetenz in der Marktforschung<\/sub><\/p>\n\n\n\n<p><\/p>\n\n\n\n<p>Marktforschung erfordert strategisch-analytisches Denken, in Kombination mit Ideenreichtum und Umsetzungsst\u00e4rke. Basis f\u00fcr die Analysen sind etablierte Methoden und Experten Systeme. Innovativ in der Erarbeitung neuer Fragestellungen, generiere ich Insights. So finde ich f\u00fcr meine Kunden effektive L\u00f6sungen, die einen echten Mehrwert schaffen. <\/p>\n\n\n\n<p>Als Marktforscherin bringe ich nicht nur die n\u00f6tige Neugier mit, sondern auch das methodische Fachwissen, Sicherheit, Kreativit\u00e4t und Initiative, um meinen Kunden so ma\u00dfgeschneiderte Marktforschung anbieten zu k\u00f6nnen. <\/p>\n\n\n\n<hr class=\"wp-block-separator has-css-opacity\"\/>\n\n\n\n<p><strong>LEISTUNGSPORTFOLIO<\/strong><\/p>\n\n\n\n<ul class=\"wp-block-list\">\n<li>Kompetente Beratung.<\/li>\n\n\n\n<li>Interaktive Zusammenarbeit.<\/li>\n\n\n\n<li>Kreative Ans\u00e4tze f\u00fcr&nbsp;ma\u00dfgeschneiderte L\u00f6sungen.<\/li>\n\n\n\n<li>Analyse-Know-how.<\/li>\n\n\n\n<li>Effektive Marktforschung und klare Empfehlungen.<\/li>\n<\/ul>\n\n\n\n<p>Ich berate Sie bei der Suche nach dem richtigen Untersuchungsdesign und unterst\u00fctze Sie als Full-Service-Partnerin in folgenden Forschungsfeldern:<\/p>\n\n\n\n<div class=\"wp-block-columns has-2-columns is-layout-flex wp-container-core-columns-is-layout-28f84493 wp-block-columns-is-layout-flex\">\n<div class=\"wp-block-column is-layout-flow wp-block-column-is-layout-flow\">\n<p>            <div class=\"oxi-addons-container noLightbox oxi-image-hover-wrapper-5 \" id=\"oxi-image-hover-wrapper-5\">\n                <div class=\"oxi-addons-row\">\n                                <div class=\"oxi-image-hover-style oxi-bt-col-lg-12 oxi-bt-col-md-12 oxi-bt-col-sm-12                         \" sa-data-animation=\"zoomIn\" sa-data-animation-duration=\"1000ms\">\n                <div class=\"oxi-image-hover-style-general\">\n                    <div class=\"oxi-image-hover oxi-image-general-hover oxi-image-general-hover-style-3 oxi-image-general-hover-5-8\">\n                                                    <div class=\"oxi-image-hover-figure bottom_to_top\">\n                                <div class=\"oxi-image-hover-image\">\n                                    <img decoding=\"async\" src=\"http:\/\/mareike-wisniewski.de\/wp-content\/uploads\/2019\/04\/branding-und-image-1.png\" >\n                                <\/div>\n                                <div class=\"oxi-image-hover-figure-caption\">\n                                    <div class=\"oxi-image-hover-caption-tab   image-hover-align-center-center\">\n                                                                                    <div class=\"oxi-image-hover-content iheu-fade-up \">Imageanalyse Zufriedenheitsanalyse<\/div>\n                                                                                <\/div>\n                                <\/div>\n                            <\/div>\n                                                <\/div>\n                <\/div> \n                            <\/div>\n                            <\/div>\n            <\/div>\n\t\t\t<br><\/p>\n\n\n\n<p>            <div class=\"oxi-addons-container noLightbox oxi-image-hover-wrapper-2 \" id=\"oxi-image-hover-wrapper-2\">\n                <div class=\"oxi-addons-row\">\n                                <div class=\"oxi-image-hover-style oxi-bt-col-lg-12 oxi-bt-col-md-12 oxi-bt-col-sm-12                         \" sa-data-animation=\"zoomIn\" sa-data-animation-duration=\"1000ms\">\n                <div class=\"oxi-image-hover-style-general\">\n                    <div class=\"oxi-image-hover oxi-image-general-hover oxi-image-general-hover-style-3 oxi-image-general-hover-2-5\">\n                                                    <div class=\"oxi-image-hover-figure bottom_to_top\">\n                                <div class=\"oxi-image-hover-image\">\n                                    <img decoding=\"async\" src=\"http:\/\/mareike-wisniewski.de\/wp-content\/uploads\/2019\/04\/produkt-und-konzept-1.png\" >\n                                <\/div>\n                                <div class=\"oxi-image-hover-figure-caption\">\n                                    <div class=\"oxi-image-hover-caption-tab   image-hover-align-center-center\">\n                                                                                    <div class=\"oxi-image-hover-content iheu-fade-up \"><br>Konzepttest Produkttest Preisforschung Marktpotentialanalyse Verpackungstest<\/div>\n                                                                                <\/div>\n                                <\/div>\n                            <\/div>\n                                                <\/div>\n                <\/div> \n                            <\/div>\n                            <\/div>\n            <\/div>\n\t\t\t<br><\/p>\n<\/div>\n\n\n\n<div class=\"wp-block-column is-layout-flow wp-block-column-is-layout-flow\">\n<p>            <div class=\"oxi-addons-container noLightbox oxi-image-hover-wrapper-3 \" id=\"oxi-image-hover-wrapper-3\">\n                <div class=\"oxi-addons-row\">\n                                <div class=\"oxi-image-hover-style oxi-bt-col-lg-12 oxi-bt-col-md-12 oxi-bt-col-sm-12                         \" sa-data-animation=\"zoomIn\" sa-data-animation-duration=\"1000ms\">\n                <div class=\"oxi-image-hover-style-general\">\n                    <div class=\"oxi-image-hover oxi-image-general-hover oxi-image-general-hover-style-3 oxi-image-general-hover-3-6\">\n                                                    <div class=\"oxi-image-hover-figure bottom_to_top\">\n                                <div class=\"oxi-image-hover-image\">\n                                    <img decoding=\"async\" src=\"http:\/\/mareike-wisniewski.de\/wp-content\/uploads\/2019\/04\/werbung-und-kommunikation-1.png\" >\n                                <\/div>\n                                <div class=\"oxi-image-hover-figure-caption\">\n                                    <div class=\"oxi-image-hover-caption-tab   image-hover-align-center-center\">\n                                                                                    <div class=\"oxi-image-hover-content iheu-fade-up \"><br> Werbemittel-Pretest Produkttest Werbeerfolgsmessung Logotest <br>Slogantest<\/div>\n                                                                                <\/div>\n                                <\/div>\n                            <\/div>\n                                                <\/div>\n                <\/div> \n                            <\/div>\n                            <\/div>\n            <\/div>\n\t\t\t<br><br>            <div class=\"oxi-addons-container noLightbox oxi-image-hover-wrapper-4 \" id=\"oxi-image-hover-wrapper-4\">\n                <div class=\"oxi-addons-row\">\n                                <div class=\"oxi-image-hover-style oxi-bt-col-lg-12 oxi-bt-col-md-12 oxi-bt-col-sm-12                         \" sa-data-animation=\"zoomIn\" sa-data-animation-duration=\"1000ms\">\n                <div class=\"oxi-image-hover-style-general\">\n                    <div class=\"oxi-image-hover oxi-image-general-hover oxi-image-general-hover-style-3 oxi-image-general-hover-4-7\">\n                                                    <div class=\"oxi-image-hover-figure bottom_to_top\">\n                                <div class=\"oxi-image-hover-image\">\n                                    <img decoding=\"async\" src=\"http:\/\/mareike-wisniewski.de\/wp-content\/uploads\/2019\/04\/segmentierung-und-positionierung-1.png\" >\n                                <\/div>\n                                <div class=\"oxi-image-hover-figure-caption\">\n                                    <div class=\"oxi-image-hover-caption-tab   image-hover-align-center-center\">\n                                                                                    <div class=\"oxi-image-hover-content iheu-fade-up \"><br> Zielgruppenanalyse Potential- und Akzeptanztest Markenpositionierung Wettbewerbs- beobachtung<\/div>\n                                                                                <\/div>\n                                <\/div>\n                            <\/div>\n                                                <\/div>\n                <\/div> \n                            <\/div>\n                            <\/div>\n            <\/div>\n\t\t\t<br><\/p>\n<\/div>\n<\/div>\n\n\n\n<hr class=\"wp-block-separator has-css-opacity\"\/>\n\n\n\n<p><strong>BERUFLICHE STATIONEN<\/strong><\/p>\n\n\n\n<p>Nach meinem Diplom-Studium an der Universit\u00e4t von Oldenburg mit dem Schwerpunkt Statistik und Empirische Sozialforschung, leitete ich die Online-Marktforschung eines renommierten Hamburger Marktforschungsinstitutes. Als Senior Research Consultant in einem Tochterunternehmen des Deutschen Fachverlages etablierte ich den Bereich Ad-hoc und Online-Marktforschung. Und jetzt stehe ich Ihnen mit meiner Erfahrung und umfangreicher Kompetenz zur Verf\u00fcgung.  Details in meinem <a rel=\"noreferrer noopener\" aria-label=\"Xing-Profil (opens in a new tab)\" href=\"https:\/\/www.xing.com\/profile\/Mareike_Wisniewski\/cv?sc_o=mxb_p\" target=\"_blank\">Xing-Profil<\/a><\/p>\n\n\n\n<blockquote class=\"wp-block-quote is-layout-flow wp-block-quote-is-layout-flow\">\n<p><em>\u201eF\u00fcnfzig Prozent bei der Werbung sind immer rausgeworfen. Man wei\u00df aber nicht, welche H\u00e4lfte das ist.\u201c<\/em><\/p>\n<cite>Henry Ford<\/cite><\/blockquote>\n\n\n\n<p><strong><em>F\u00fcnfzig Prozent?!?<\/em><\/strong>          <strong><em>Wollen auch Sie Henry zeigen, dass es heute besser geht?<\/em><\/strong><\/p>\n\n\n\n<hr class=\"wp-block-separator has-css-opacity\"\/>\n\n\n\n<p><strong>KONTAKT<\/strong><\/p>\n\n\n\n<p>Lassen Sie uns ins Gespr\u00e4ch kommen! <\/p>\n\n\n\n<p>Gemeinsam finden wir eine passende L\u00f6sung f\u00fcr Ihr Marktforschungsvorhaben.&nbsp;<\/p>\n\n\n\n<p><br><\/p>\n","protected":false},"excerpt":{"rendered":"<p>Mareike Wisniewski \u00fcber 15 Jahre Kompetenz in der Marktforschung Marktforschung erfordert strategisch-analytisches Denken, in Kombination mit Ideenreichtum und Umsetzungsst\u00e4rke. Basis f\u00fcr die Analysen sind etablierte Methoden und Experten Systeme. Innovativ in der Erarbeitung neuer Fragestellungen, generiere ich Insights. So finde ich f\u00fcr meine Kunden effektive L\u00f6sungen, die einen echten Mehrwert [&hellip;]<\/p>\n","protected":false},"author":1,"featured_media":0,"parent":0,"menu_order":0,"comment_status":"closed","ping_status":"closed","template":"","meta":{"footnotes":""},"class_list":["post-18","page","type-page","status-publish","hentry"],"_links":{"self":[{"href":"https:\/\/mareike-wisniewski.de\/index.php?rest_route=\/wp\/v2\/pages\/18","targetHints":{"allow":["GET"]}}],"collection":[{"href":"https:\/\/mareike-wisniewski.de\/index.php?rest_route=\/wp\/v2\/pages"}],"about":[{"href":"https:\/\/mareike-wisniewski.de\/index.php?rest_route=\/wp\/v2\/types\/page"}],"author":[{"embeddable":true,"href":"https:\/\/mareike-wisniewski.de\/index.php?rest_route=\/wp\/v2\/users\/1"}],"replies":[{"embeddable":true,"href":"https:\/\/mareike-wisniewski.de\/index.php?rest_route=%2Fwp%2Fv2%2Fcomments&post=18"}],"version-history":[{"count":37,"href":"https:\/\/mareike-wisniewski.de\/index.php?rest_route=\/wp\/v2\/pages\/18\/revisions"}],"predecessor-version":[{"id":301,"href":"https:\/\/mareike-wisniewski.de\/index.php?rest_route=\/wp\/v2\/pages\/18\/revisions\/301"}],"wp:attachment":[{"href":"https:\/\/mareike-wisniewski.de\/index.php?rest_route=%2Fwp%2Fv2%2Fmedia&parent=18"}],"curies":[{"name":"wp","href":"https:\/\/api.w.org\/{rel}","templated":true}]}}